{"id":26,"date":"2019-02-27T16:28:22","date_gmt":"2019-02-27T16:28:22","guid":{"rendered":"https:\/\/smarket.mk\/al\/?page_id=2"},"modified":"2020-06-05T22:06:21","modified_gmt":"2020-06-05T21:06:21","slug":"rreth-nesh","status":"publish","type":"page","link":"https:\/\/smarket.mk\/al\/rreth-nesh\/","title":{"rendered":"RRETH NESH"},"content":{"rendered":"<p><div class=\"fusion-fullwidth fullwidth-box fusion-builder-row-1 nonhundred-percent-fullwidth non-hundred-percent-height-scrolling\" style=\"--awb-border-radius-top-left:0px;--awb-border-radius-top-right:0px;--awb-border-radius-bottom-right:0px;--awb-border-radius-bottom-left:0px;--awb-flex-wrap:wrap;\" ><div class=\"fusion-builder-row fusion-row\"><div class=\"fusion-layout-column fusion_builder_column fusion-builder-column-0 fusion_builder_column_1_1 1_1 fusion-one-full fusion-column-first fusion-column-last\" style=\"--awb-bg-color:rgba(255,255,255,0);--awb-bg-color-hover:rgba(255,255,255,0);--awb-bg-size:cover;\"><div class=\"fusion-column-wrapper fusion-column-has-shadow fusion-flex-column-wrapper-legacy\"><div class=\"fusion-title title fusion-title-1 fusion-title-text fusion-title-size-two\" style=\"--awb-margin-top-small:25px;--awb-margin-right-small:0px;--awb-margin-bottom-small:16px;--awb-margin-left-small:0px;\"><h2 class=\"fusion-title-heading title-heading-left fusion-responsive-typography-calculated\" style=\"margin:0;--fontSize:21;line-height:1.61;\"><span style=\"color: #1d89ba;\">RRETH NESH<\/span><\/h2><span class=\"awb-title-spacer\"><\/span><div class=\"title-sep-container\"><div class=\"title-sep sep-single sep-dotted\" style=\"border-color:#e0dede;\"><\/div><\/div><\/div><div class=\"fusion-text fusion-text-1\"><p>Tregimi <strong>S-Market<\/strong> zgjat tre dekada. Ne jemi krenar n\u00eb hedhjen e hapave fillestare. Kompania jon\u00eb \u00ebsht\u00eb themeluar n\u00eb vitin 1984, nd\u00ebrsa marketi yn\u00eb i par\u00eb u hap n\u00eb vitin 2004. Sot operojm\u00eb me dy markete, restorant, furr\u00eb buke, prodhime t\u00eb gatimeve t\u00eb bardha dhe \u00ebmb\u00eblsirave.<\/p>\n<p>Jemi pronar\u00eb t\u00eb objektit i cili p\u00ebrfshin sip\u00ebrfaqe prej 6000 met\u00ebr katror\u00eb dhe pun\u00ebsojm\u00eb mbi 80 persona.<\/p>\n<p>N\u00eb S-Market, p\u00ebrve\u00e7 artikujve ushqimor\u00eb, mund t\u00eb gjeni edhe teknik\u00eb t\u00eb bardh\u00eb dhe pajisje elekrosht\u00ebpiake, loj\u00ebra, vegla pune, dekorime, veshje p\u00ebr f\u00ebmij\u00eb dhe t\u00eb rritur dhe gjith\u00e7ka tjet\u00ebr q\u00eb ju nevojitet p\u00ebr sht\u00ebpin\u00eb tuaj.<\/p>\n<p>Misioni yn\u00eb \u00ebsht\u00eb q\u00eb klient\u00ebve tan\u00eb t\u2019ju ofrojm\u00eb artikuj t\u00eb cil\u00ebsis\u00eb s\u00eb lart\u00eb dhe \u00e7mime t\u00eb lira.<\/p>\n<p><span style=\"color: #d90416;\"><strong>S-Market \u2013 Miku i Sht\u00ebpis\u00eb Suaj.<\/strong><\/span><\/p>\n<\/div><div class=\"fusion-clearfix\"><\/div><\/div><\/div><\/div><\/div><div class=\"fusion-bg-parallax\" data-bg-align=\"center center\" data-direction=\"up\" data-mute=\"false\" data-opacity=\"100\" data-velocity=\"-0.1\" data-mobile-enabled=\"false\" data-break_parents=\"0\" data-bg-image=\"https:\/\/smarket.mk\/en\/wp-content\/uploads\/2020\/03\/Contact2.jpg\" data-bg-repeat=\"false\" data-bg-color=\"#ffffff\" ><\/div><div class=\"fusion-fullwidth fullwidth-box fusion-builder-row-2 fusion-parallax-up nonhundred-percent-fullwidth non-hundred-percent-height-scrolling\" style=\"--awb-border-radius-top-left:0px;--awb-border-radius-top-right:0px;--awb-border-radius-bottom-right:0px;--awb-border-radius-bottom-left:0px;--awb-padding-top:7%;--awb-padding-right:25px;--awb-padding-bottom:7%;--awb-padding-left:25px;--awb-background-color:#ffffff;--awb-background-image:url(&quot;https:\/\/smarket.mk\/en\/wp-content\/uploads\/2020\/03\/Contact2.jpg&quot;);--awb-background-size:cover;--awb-flex-wrap:wrap;\" ><div class=\"fusion-builder-row fusion-row\"><div class=\"fusion-layout-column fusion_builder_column fusion-builder-column-1 fusion_builder_column_1_4 1_4 fusion-one-fourth fusion-column-first fusion-no-small-visibility\" style=\"--awb-bg-size:cover;--awb-margin-top:0px;--awb-margin-bottom:0px;width:25%;width:calc(25% - ( ( 0% + 0% ) * 0.25 ) );margin-right: 0%;\"><div class=\"fusion-column-wrapper fusion-flex-column-wrapper-legacy\"><div class=\"fusion-clearfix\"><\/div><\/div><\/div><div class=\"fusion-layout-column fusion_builder_column fusion-builder-column-2 fusion_builder_column_1_2 1_2 fusion-one-half\" style=\"--awb-bg-size:cover;width:50%;width:calc(50% - ( ( 0% + 0% ) * 0.5 ) );margin-right: 0%;\"><div class=\"fusion-column-wrapper fusion-flex-column-wrapper-legacy\"><div class=\"fusion-title title fusion-title-2 fusion-sep-none fusion-title-center fusion-title-text fusion-title-size-three\" style=\"--awb-margin-top:30px;--awb-margin-top-small:25px;--awb-margin-right-small:0px;--awb-margin-bottom-small:16px;--awb-margin-left-small:0px;--awb-font-size:35px;\"><h3 class=\"fusion-title-heading title-heading-center fusion-responsive-typography-calculated\" style=\"margin:0;font-size:1em;--fontSize:35;line-height:1.27;\"><p style=\"text-align: center;\"><span style=\"color: #ffffff;\">Le t\u00eb Kontaktohemi.<\/span><\/p><\/h3><\/div><div class=\"fusion-sep-clear\"><\/div><div class=\"fusion-separator fusion-full-width-sep\" style=\"margin-left: auto;margin-right: auto;margin-top:20px;width:100%;\"><\/div><div class=\"fusion-sep-clear\"><\/div><div class=\"fusion-button-wrapper fusion-aligncenter\"><a class=\"fusion-button button-flat button-xlarge button-default fusion-button-default button-1 fusion-button-default-span fusion-button-default-type\" target=\"_self\" href=\"https:\/\/smarket.mk\/al\/kontakt\/\"><span class=\"fusion-button-text awb-button__text awb-button__text--default\">Na kontaktoni<\/span><\/a><\/div><div class=\"fusion-clearfix\"><\/div><\/div><\/div><div class=\"fusion-layout-column fusion_builder_column fusion-builder-column-3 fusion_builder_column_1_4 1_4 fusion-one-fourth fusion-column-last fusion-no-small-visibility\" style=\"--awb-bg-size:cover;--awb-margin-top:0px;--awb-margin-bottom:0px;width:25%;width:calc(25% - ( ( 0% + 0% ) * 0.25 ) );\"><div class=\"fusion-column-wrapper fusion-flex-column-wrapper-legacy\"><div class=\"fusion-clearfix\"><\/div><\/div><\/div><\/div><\/div><\/p>\n","protected":false},"excerpt":{"rendered":"","protected":false},"author":1,"featured_media":0,"parent":0,"menu_order":0,"comment_status":"closed","ping_status":"closed","template":"100-width.php","meta":{"footnotes":""},"class_list":["post-26","page","type-page","status-publish","hentry"],"_links":{"self":[{"href":"https:\/\/smarket.mk\/al\/wp-json\/wp\/v2\/pages\/26","targetHints":{"allow":["GET"]}}],"collection":[{"href":"https:\/\/smarket.mk\/al\/wp-json\/wp\/v2\/pages"}],"about":[{"href":"https:\/\/smarket.mk\/al\/wp-json\/wp\/v2\/types\/page"}],"author":[{"embeddable":true,"href":"https:\/\/smarket.mk\/al\/wp-json\/wp\/v2\/users\/1"}],"replies":[{"embeddable":true,"href":"https:\/\/smarket.mk\/al\/wp-json\/wp\/v2\/comments?post=26"}],"version-history":[{"count":6,"href":"https:\/\/smarket.mk\/al\/wp-json\/wp\/v2\/pages\/26\/revisions"}],"predecessor-version":[{"id":2989,"href":"https:\/\/smarket.mk\/al\/wp-json\/wp\/v2\/pages\/26\/revisions\/2989"}],"wp:attachment":[{"href":"https:\/\/smarket.mk\/al\/wp-json\/wp\/v2\/media?parent=26"}],"curies":[{"name":"wp","href":"https:\/\/api.w.org\/{rel}","templated":true}]}}