{"id":2964,"date":"2020-06-05T21:30:41","date_gmt":"2020-06-05T20:30:41","guid":{"rendered":"https:\/\/smarket.mk\/al\/?page_id=2964"},"modified":"2020-06-05T21:33:47","modified_gmt":"2020-06-05T20:33:47","slug":"dergesa","status":"publish","type":"page","link":"https:\/\/smarket.mk\/al\/dergesa\/","title":{"rendered":"Dergesa"},"content":{"rendered":"<div class=\"fusion-fullwidth fullwidth-box fusion-builder-row-1 nonhundred-percent-fullwidth non-hundred-percent-height-scrolling\" style=\"--awb-border-radius-top-left:0px;--awb-border-radius-top-right:0px;--awb-border-radius-bottom-right:0px;--awb-border-radius-bottom-left:0px;--awb-flex-wrap:wrap;\" ><div class=\"fusion-builder-row fusion-row\"><div class=\"fusion-layout-column fusion_builder_column fusion-builder-column-0 fusion_builder_column_1_1 1_1 fusion-one-full fusion-column-first fusion-column-last\" style=\"--awb-bg-size:cover;\"><div class=\"fusion-column-wrapper fusion-column-has-shadow fusion-flex-column-wrapper-legacy\"><div class=\"fusion-title title fusion-title-1 fusion-title-text fusion-title-size-two\" style=\"--awb-margin-top-small:25px;--awb-margin-right-small:0px;--awb-margin-bottom-small:16px;--awb-margin-left-small:0px;\"><h2 class=\"fusion-title-heading title-heading-left fusion-responsive-typography-calculated\" style=\"margin:0;--fontSize:21;line-height:1.61;\"><span style=\"color: #1d89ba;\">INFORMACION I PERGJITHSHEM<\/span><\/h2><span class=\"awb-title-spacer\"><\/span><div class=\"title-sep-container\"><div class=\"title-sep sep-single sep-dotted\" style=\"border-color:#e0dede;\"><\/div><\/div><\/div><div class=\"fusion-text fusion-text-1\"><p style=\"text-align: justify;\">P\u00ebr d\u00ebrges\u00ebn e artikujve kemi lidhur marr\u00ebveshje me <strong>Kargo Ekspres<\/strong> (<a href=\"http:\/\/www.kargoekspres.mk\" target=\"_blank\" rel=\"noopener noreferrer\">www.kargoekspres.mk<\/a>). N\u00eb marr\u00ebveshje me Kargo Ekspres, S-Market i shp\u00ebrndan d\u00ebrgesat n\u00eb t\u00eb gjitha qytetet n\u00eb Maqedoni dhe n\u00eb distanc\u00eb deri n\u00eb 5 kilometra larg tabel\u00ebs hyr\u00ebse t\u00eb qytetit. Artikujt e porositur do t\u2019ju d\u00ebrgohen deri te adresa t\u00eb cil\u00ebn e keni shkruar si adres\u00eb t\u00eb d\u00ebrges\u00ebs. N\u00ebse adresa e d\u00ebrges\u00ebs \u00ebsht\u00eb vendbanim me distanc\u00eb m\u00eb larg se 5 kilometra larg tabel\u00ebs hyr\u00ebse t\u00eb qytetit, bler\u00ebsi \u00ebsht\u00eb i detyruar t\u00eb t\u00ebrheq artikullin n\u00eb p\u00ebrfaq\u00ebsin\u00eb m\u00eb t\u00eb af\u00ebrt t\u00eb Kargo Ekspresit.<\/p>\n<p style=\"text-align: justify;\">D\u00ebrgesa e porosis\u00eb suaj kryhet n\u00eb afat prej 3 dit\u00ebve t\u00eb pun\u00ebs. N\u00ebse korrieri i cili i kryen d\u00ebrgesat nuk arrin t\u2019ju gjej\u00eb n\u00eb adres\u00ebn e dh\u00ebn\u00eb dhe t\u2019ju dor\u00ebzoj\u00eb d\u00ebrges\u00ebn, do t\u2019ju kontaktoj\u00eb n\u00eb numrin e telefonit t\u00eb cilin e keni l\u00ebn\u00eb p\u00ebr kontakt. P\u00ebr k\u00ebt\u00eb arsye \u00ebsht\u00eb me shum\u00eb r\u00ebnd\u00ebsi q\u00eb gjat\u00eb kryerjes s\u00eb porosis\u00eb t\u00eb lini t\u00eb dh\u00ebna t\u00eb sakta dhe num\u00ebr t\u00eb sakt\u00eb t\u00eb telefonit. T\u00eb nj\u00ebjtat p\u00ebrdoren vet\u00ebm gjat\u00eb d\u00ebrges\u00ebs. Secili bler\u00ebs \u00ebsht\u00eb i detyruar q\u00eb gjat\u00eb d\u00ebrges\u00ebs s\u00eb artikullit ta kontrolloj\u00eb at\u00eb, eventualisht p\u00ebr d\u00ebmtime gjat\u00eb transportit dhe t\u00eb verifikoj\u00eb n\u00ebse porosia \u00ebsht\u00eb e kompletuar. N\u00ebse artikulli \u00ebsht\u00eb porositur i d\u00ebmtuar ose d\u00ebrgesa nuk \u00ebsht\u00eb e kompletuar, bler\u00ebsi \u00ebsht\u00eb i detyruar t\u00eb na informoj\u00eb menj\u00ebher\u00eb.<\/p>\n<p style=\"text-align: justify;\"><strong>S-Market<\/strong> rezervon t\u00eb drejt\u00ebn t\u00eb vonoj\u00eb d\u00ebrges\u00ebn, n\u00ebse nga bler\u00ebsi p\u00ebr ndonj\u00eb arsye vonohen mjetet pagesore n\u00eb llogarin\u00eb ton\u00eb.<\/p>\n<\/div><div class=\"fusion-clearfix\"><\/div><\/div><\/div><\/div><\/div>\n","protected":false},"excerpt":{"rendered":"","protected":false},"author":1,"featured_media":0,"parent":0,"menu_order":0,"comment_status":"closed","ping_status":"closed","template":"","meta":{"footnotes":""},"class_list":["post-2964","page","type-page","status-publish","hentry"],"_links":{"self":[{"href":"https:\/\/smarket.mk\/al\/wp-json\/wp\/v2\/pages\/2964","targetHints":{"allow":["GET"]}}],"collection":[{"href":"https:\/\/smarket.mk\/al\/wp-json\/wp\/v2\/pages"}],"about":[{"href":"https:\/\/smarket.mk\/al\/wp-json\/wp\/v2\/types\/page"}],"author":[{"embeddable":true,"href":"https:\/\/smarket.mk\/al\/wp-json\/wp\/v2\/users\/1"}],"replies":[{"embeddable":true,"href":"https:\/\/smarket.mk\/al\/wp-json\/wp\/v2\/comments?post=2964"}],"version-history":[{"count":4,"href":"https:\/\/smarket.mk\/al\/wp-json\/wp\/v2\/pages\/2964\/revisions"}],"predecessor-version":[{"id":2968,"href":"https:\/\/smarket.mk\/al\/wp-json\/wp\/v2\/pages\/2964\/revisions\/2968"}],"wp:attachment":[{"href":"https:\/\/smarket.mk\/al\/wp-json\/wp\/v2\/media?parent=2964"}],"curies":[{"name":"wp","href":"https:\/\/api.w.org\/{rel}","templated":true}]}}