{"id":2992,"date":"2021-05-12T20:37:44","date_gmt":"2021-05-12T19:37:44","guid":{"rendered":"https:\/\/smarket.mk\/al\/?page_id=2992"},"modified":"2021-05-17T18:40:34","modified_gmt":"2021-05-17T17:40:34","slug":"punesim","status":"publish","type":"page","link":"https:\/\/smarket.mk\/al\/punesim\/","title":{"rendered":"PUN\u00cbSIM"},"content":{"rendered":"<div class=\"fusion-fullwidth fullwidth-box fusion-builder-row-1 nonhundred-percent-fullwidth non-hundred-percent-height-scrolling\" style=\"--awb-border-radius-top-left:0px;--awb-border-radius-top-right:0px;--awb-border-radius-bottom-right:0px;--awb-border-radius-bottom-left:0px;--awb-flex-wrap:wrap;\" ><div class=\"fusion-builder-row fusion-row\"><div class=\"fusion-layout-column fusion_builder_column fusion-builder-column-0 fusion_builder_column_1_1 1_1 fusion-one-full fusion-column-first fusion-column-last\" style=\"--awb-bg-color:rgba(255,255,255,0);--awb-bg-color-hover:rgba(255,255,255,0);--awb-bg-size:cover;\"><div class=\"fusion-column-wrapper fusion-column-has-shadow fusion-flex-column-wrapper-legacy\"><div class=\"fusion-title title fusion-title-1 fusion-title-text fusion-title-size-two\" style=\"--awb-margin-top-small:25px;--awb-margin-right-small:0px;--awb-margin-bottom-small:16px;--awb-margin-left-small:0px;\"><h2 class=\"fusion-title-heading title-heading-left fusion-responsive-typography-calculated\" style=\"margin:0;--fontSize:21;line-height:1.61;\"><span style=\"color: #1d89ba;\">APLIKONI<\/span><\/h2><span class=\"awb-title-spacer\"><\/span><div class=\"title-sep-container\"><div class=\"title-sep sep-single sep-dotted\" style=\"border-color:#e0dede;\"><\/div><\/div><\/div><div class=\"fusion-text fusion-text-1\"><p>N\u00ebse jeni t\u00eb interesuar t\u00eb punoni n\u00eb <strong> S-Market <\/strong>, ju lutemi plot\u00ebsoni formularin e m\u00ebposht\u00ebm:<\/p>\n<p>(Sh\u00ebnim: <span style=\"color: # ff0000;\"> <strong> * <\/strong> <\/span> tregon fush\u00ebn e k\u00ebrkuar)<\/p>\n<\/div><div role=\"form\" class=\"wpcf7\" id=\"wpcf7-f2182-o1\" lang=\"en-US\" dir=\"ltr\">\n<div class=\"screen-reader-response\"><p role=\"status\" aria-live=\"polite\" aria-atomic=\"true\"><\/p> <ul><\/ul><\/div>\n<form action=\"\/al\/wp-json\/wp\/v2\/pages\/2992#wpcf7-f2182-o1\" method=\"post\" class=\"wpcf7-form init\" novalidate=\"novalidate\" data-status=\"init\">\n<div style=\"display: none;\">\n<input type=\"hidden\" name=\"_wpcf7\" value=\"2182\" \/>\n<input type=\"hidden\" name=\"_wpcf7_version\" value=\"5.4.1\" \/>\n<input type=\"hidden\" name=\"_wpcf7_locale\" value=\"en_US\" \/>\n<input type=\"hidden\" name=\"_wpcf7_unit_tag\" value=\"wpcf7-f2182-o1\" \/>\n<input type=\"hidden\" name=\"_wpcf7_container_post\" value=\"0\" \/>\n<input type=\"hidden\" name=\"_wpcf7_posted_data_hash\" value=\"\" \/>\n<\/div>\n<p><strong>TE DHENA PERSONALE <\/strong><\/p>\n<div class=\"fusion-columns fusion-clearfix\" style=\"margin-bottom: 20px;\">\n<div class=\"col-lg-6 col-md-6 col-sm-12\">EMRI *<br \/>\n    <span class=\"wpcf7-form-control-wrap first-name\"><input type=\"text\" name=\"first-name\" value=\"\" size=\"40\" class=\"wpcf7-form-control wpcf7-text wpcf7-validates-as-required\" aria-required=\"true\" aria-invalid=\"false\" \/><\/span><\/div>\n<div class=\"col-lg-6 col-md-6 col-sm-12\">MBIEMRI *<br \/>\n    <span class=\"wpcf7-form-control-wrap last-name\"><input type=\"text\" name=\"last-name\" value=\"\" size=\"40\" class=\"wpcf7-form-control wpcf7-text wpcf7-validates-as-required\" aria-required=\"true\" aria-invalid=\"false\" \/><\/span><\/div>\n<\/div>\n<div class=\"fusion-columns fusion-clearfix\" style=\"margin-bottom: 20px;\">\n<div class=\"col-lg-6 col-md-6 col-sm-12\">ADRESA EMAIL *<br \/>\n    <span class=\"wpcf7-form-control-wrap your-email\"><input type=\"email\" name=\"your-email\" value=\"\" size=\"40\" class=\"wpcf7-form-control wpcf7-text wpcf7-email wpcf7-validates-as-required wpcf7-validates-as-email\" aria-required=\"true\" aria-invalid=\"false\" \/><\/span> <\/div>\n<div class=\"col-lg-6 col-md-6 col-sm-12\">NUMRI I TELEFONIT *<br \/>\n    <span class=\"wpcf7-form-control-wrap tel-number\"><input type=\"tel\" name=\"tel-number\" value=\"\" size=\"40\" class=\"wpcf7-form-control wpcf7-text wpcf7-tel wpcf7-validates-as-required wpcf7-validates-as-tel\" aria-required=\"true\" aria-invalid=\"false\" \/><\/span><\/div>\n<\/div>\n<div class=\"fusion-columns fusion-clearfix\" style=\"margin-bottom: 20px;\">\n<div class=\"col-lg-6 col-md-6 col-sm-12\">GJINIA *<br \/>\n    <span class=\"wpcf7-form-control-wrap menu-pol\"><select name=\"menu-pol\" class=\"wpcf7-form-control wpcf7-select wpcf7-validates-as-required\" aria-required=\"true\" aria-invalid=\"false\"><option value=\"\">---<\/option><option value=\"Burra\">Burra<\/option><option value=\"Fem\u00ebr\">Fem\u00ebr<\/option><\/select><\/span> <\/div>\n<div class=\"col-lg-6 col-md-6 col-sm-12\">DATA E LINDJES *<br \/>\n    <span class=\"wpcf7-form-control-wrap date-raganje\"><input type=\"date\" name=\"date-raganje\" value=\"\" class=\"wpcf7-form-control wpcf7-date wpcf7-validates-as-required wpcf7-validates-as-date\" aria-required=\"true\" aria-invalid=\"false\" \/><\/span><\/div>\n<\/div>\n<div class=\"fusion-columns fusion-clearfix\" style=\"margin-bottom: 20px;\">\n<div class=\"col-lg-6 col-md-6 col-sm-12\">ADRES\u00cb *<br \/>\n    <span class=\"wpcf7-form-control-wrap text-adresa\"><input type=\"text\" name=\"text-adresa\" value=\"\" size=\"40\" class=\"wpcf7-form-control wpcf7-text wpcf7-validates-as-required\" aria-required=\"true\" aria-invalid=\"false\" \/><\/span><\/div>\n<div class=\"col-lg-6 col-md-6 col-sm-12\">QYTETI *<br \/>\n    <span class=\"wpcf7-form-control-wrap text-grad\"><input type=\"text\" name=\"text-grad\" value=\"\" size=\"40\" class=\"wpcf7-form-control wpcf7-text wpcf7-validates-as-required\" aria-required=\"true\" aria-invalid=\"false\" \/><\/span><\/div>\n<\/div>\n<p><strong>ARSIMIMI<\/strong><\/p>\n<div class=\"fusion-columns fusion-clearfix\" style=\"margin-bottom: 20px;\">\n<div class=\"col-lg-6 col-md-6 col-sm-12\">ARSIMI I PLOTLESUAR *<br \/>\n    <span class=\"wpcf7-form-control-wrap menu-skolo\"><select name=\"menu-skolo\" class=\"wpcf7-form-control wpcf7-select wpcf7-validates-as-required\" aria-required=\"true\" aria-invalid=\"false\"><option value=\"\">---<\/option><option value=\"Arsimi i mes\u00ebm\">Arsimi i mes\u00ebm<\/option><option value=\"Arsimi i lart\u00eb\">Arsimi i lart\u00eb<\/option><option value=\"Arsimi i mes\u00ebm\">Arsimi i mes\u00ebm<\/option><\/select><\/span><\/div>\n<div class=\"col-lg-6 col-md-6 col-sm-12\">EMRI I INSTITUCIONIT *<br \/>\n    <span class=\"wpcf7-form-control-wrap text-skolo\"><input type=\"text\" name=\"text-skolo\" value=\"\" size=\"40\" class=\"wpcf7-form-control wpcf7-text wpcf7-validates-as-required\" aria-required=\"true\" aria-invalid=\"false\" \/><\/span><\/div>\n<\/div>\n<p><strong>TRAJTAT PERSONALE<\/strong><\/p>\n<div class=\"fusion-columns fusion-clearfix\" style=\"margin-bottom: 20px;\">\n<div class=\"col-lg-6 col-md-6 col-sm-12\">GJUHE *<br \/>\n    <span class=\"wpcf7-form-control-wrap text-jazik1\"><input type=\"text\" name=\"text-jazik1\" value=\"\" size=\"40\" class=\"wpcf7-form-control wpcf7-text wpcf7-validates-as-required\" aria-required=\"true\" aria-invalid=\"false\" \/><\/span><\/br><span class=\"wpcf7-form-control-wrap radio-jazik1\"><span class=\"wpcf7-form-control wpcf7-radio\"><span class=\"wpcf7-list-item first\"><label><input type=\"radio\" name=\"radio-jazik1\" value=\"Mesatarisht\" \/><span class=\"wpcf7-list-item-label\">Mesatarisht<\/span><\/label><\/span><span class=\"wpcf7-list-item\"><label><input type=\"radio\" name=\"radio-jazik1\" value=\"Mir\u00eb\" checked=\"checked\" \/><span class=\"wpcf7-list-item-label\">Mir\u00eb<\/span><\/label><\/span><span class=\"wpcf7-list-item last\"><label><input type=\"radio\" name=\"radio-jazik1\" value=\"E mrekullueshme\" \/><span class=\"wpcf7-list-item-label\">E mrekullueshme<\/span><\/label><\/span><\/span><\/span><\/div>\n<div class=\"col-lg-6 col-md-6 col-sm-12\">GJUHE *<br \/>\n    <span class=\"wpcf7-form-control-wrap text-jazik2\"><input type=\"text\" name=\"text-jazik2\" value=\"\" size=\"40\" class=\"wpcf7-form-control wpcf7-text wpcf7-validates-as-required\" aria-required=\"true\" aria-invalid=\"false\" \/><\/span><\/br><span class=\"wpcf7-form-control-wrap radio-jazik2\"><span class=\"wpcf7-form-control wpcf7-radio\"><span class=\"wpcf7-list-item first\"><label><input type=\"radio\" name=\"radio-jazik2\" value=\"Mesatarisht\" \/><span class=\"wpcf7-list-item-label\">Mesatarisht<\/span><\/label><\/span><span class=\"wpcf7-list-item\"><label><input type=\"radio\" name=\"radio-jazik2\" value=\"Mir\u00eb\" checked=\"checked\" \/><span class=\"wpcf7-list-item-label\">Mir\u00eb<\/span><\/label><\/span><span class=\"wpcf7-list-item last\"><label><input type=\"radio\" name=\"radio-jazik2\" value=\"E mrekullueshme\" \/><span class=\"wpcf7-list-item-label\">E mrekullueshme<\/span><\/label><\/span><\/span><\/span><\/div>\n<\/div>\n<p style=\"margin-bottom: 30px;\">PUNA ME KOMPJUTER *<br \/>\n     <span class=\"wpcf7-form-control-wrap textarea-kompjuter\"><textarea name=\"textarea-kompjuter\" cols=\"40\" rows=\"10\" class=\"wpcf7-form-control wpcf7-textarea wpcf7-validates-as-required\" aria-required=\"true\" aria-invalid=\"false\"><\/textarea><\/span><\/p>\n<p style=\"margin-bottom: 30px;\">\u0420\u0410\u0411\u041e\u0422\u041d\u041e \u0418\u0421\u041a\u0423\u0421\u0422\u0412\u041e *<br \/>\n     <span class=\"wpcf7-form-control-wrap textarea-rabiskustvo\"><textarea name=\"textarea-rabiskustvo\" cols=\"40\" rows=\"10\" class=\"wpcf7-form-control wpcf7-textarea wpcf7-validates-as-required\" aria-required=\"true\" aria-invalid=\"false\"><\/textarea><\/span><\/p>\n<p style=\"margin-bottom: 30px;\">EKSPERIENCE PUNE *<br \/>\n     <span class=\"wpcf7-form-control-wrap textarea-karakteristiki\"><textarea name=\"textarea-karakteristiki\" cols=\"40\" rows=\"10\" class=\"wpcf7-form-control wpcf7-textarea wpcf7-validates-as-required\" aria-required=\"true\" aria-invalid=\"false\"><\/textarea><\/span><\/p>\n<p style=\"margin-bottom: 30px;\">TJETER<br \/>\n    <span class=\"wpcf7-form-control-wrap your-message\"><textarea name=\"your-message\" cols=\"40\" rows=\"10\" class=\"wpcf7-form-control wpcf7-textarea wpcf7-validates-as-required\" aria-required=\"true\" aria-invalid=\"false\"><\/textarea><\/span> <\/p>\n<p><strong>Un\u00eb aplikoj p\u00ebr nj\u00eb pozicion<\/strong><\/p>\n<p style=\"margin-bottom: 30px;\">POZICIONI *<br \/>\n     <span class=\"wpcf7-form-control-wrap menu-pozicija\"><select name=\"menu-pozicija\" class=\"wpcf7-form-control wpcf7-select wpcf7-validates-as-required\" aria-required=\"true\" aria-invalid=\"false\"><option value=\"\">---<\/option><option value=\"Shitjet, stafi i shitjeve\">Shitjet, stafi i shitjeve<\/option><\/select><\/span><\/p>\n<p>Pajtohem q\u00eb <strong> S-Market <\/strong> Shkup t\u00eb p\u00ebrdor\u00eb dhe p\u00ebrpunoj\u00eb t\u00eb dh\u00ebnat e mia personale t\u00eb renditura n\u00eb k\u00ebrkes\u00ebn p\u00ebr pun\u00eb t\u00eb paraqitur n\u00eb <strong> S-Market <\/strong> Shkup, si dhe t'i mbaj ato p\u00ebr rekrutimi dhe p\u00ebrzgjedhja e personelit p\u00ebr sa koh\u00eb q\u00eb ka nevoj\u00eb p\u00ebr ta, pas s\u00eb cil\u00ebs ata do t\u00eb fshihen dhe shkat\u00ebrrohen n\u00eb p\u00ebrputhje me ligjin p\u00ebr mbrojtjen e t\u00eb dh\u00ebnave personale. T\u00eb gjitha t\u00eb dh\u00ebnat e marra do t\u00eb ruhen n\u00eb Departamentin e Burimeve Njer\u00ebzore dhe do t\u00eb p\u00ebrpunohen vet\u00ebm p\u00ebr nevojat e procesit t\u00eb rekrutimit dhe p\u00ebrzgjedhjes.<\/p>\n<p><input type=\"submit\" value=\"APLIKIMI I PARAQITJES\" class=\"wpcf7-form-control wpcf7-submit\" \/><\/p>\n<div class=\"fusion-alert alert custom alert-custom fusion-alert-center wpcf7-response-output fusion-alert-capitalize awb-alert-native-link-color alert-dismissable awb-alert-close-boxed alert-shadow\" style=\"--awb-border-size:1px;--awb-border-top-left-radius:0px;--awb-border-top-right-radius:0px;--awb-border-bottom-left-radius:0px;--awb-border-bottom-right-radius:0px;\" role=\"alert\"><div class=\"fusion-alert-content-wrapper\"><span class=\"fusion-alert-content\"><\/span><\/div><button type=\"button\" class=\"close toggle-alert\" data-dismiss=\"alert\" aria-label=\"Close\">&times;<\/button><\/div><\/form><\/div><div class=\"fusion-clearfix\"><\/div><\/div><\/div><\/div><\/div>\n","protected":false},"excerpt":{"rendered":"","protected":false},"author":1,"featured_media":0,"parent":0,"menu_order":0,"comment_status":"closed","ping_status":"closed","template":"","meta":{"footnotes":""},"class_list":["post-2992","page","type-page","status-publish","hentry"],"_links":{"self":[{"href":"https:\/\/smarket.mk\/al\/wp-json\/wp\/v2\/pages\/2992","targetHints":{"allow":["GET"]}}],"collection":[{"href":"https:\/\/smarket.mk\/al\/wp-json\/wp\/v2\/pages"}],"about":[{"href":"https:\/\/smarket.mk\/al\/wp-json\/wp\/v2\/types\/page"}],"author":[{"embeddable":true,"href":"https:\/\/smarket.mk\/al\/wp-json\/wp\/v2\/users\/1"}],"replies":[{"embeddable":true,"href":"https:\/\/smarket.mk\/al\/wp-json\/wp\/v2\/comments?post=2992"}],"version-history":[{"count":2,"href":"https:\/\/smarket.mk\/al\/wp-json\/wp\/v2\/pages\/2992\/revisions"}],"predecessor-version":[{"id":3068,"href":"https:\/\/smarket.mk\/al\/wp-json\/wp\/v2\/pages\/2992\/revisions\/3068"}],"wp:attachment":[{"href":"https:\/\/smarket.mk\/al\/wp-json\/wp\/v2\/media?parent=2992"}],"curies":[{"name":"wp","href":"https:\/\/api.w.org\/{rel}","templated":true}]}}